{"id":8283,"date":"2026-03-11T11:21:23","date_gmt":"2026-03-11T10:21:23","guid":{"rendered":"https:\/\/www.scandipadova.it\/dichiarazione-di-accessibilita\/"},"modified":"2026-03-12T12:48:03","modified_gmt":"2026-03-12T11:48:03","slug":"our-commitment-to-web-accessibility","status":"publish","type":"page","link":"https:\/\/www.scandipadova.it\/en\/our-commitment-to-web-accessibility\/","title":{"rendered":"Our Commitment to Web Accessibility"},"content":{"rendered":"<div class=\"wpb-content-wrapper\"><p>[vc_row][vc_column][vc_column_text css=&#8221;&#8221;]<\/p>\n<h1>Dichiarazione di Accessibilit\u00e0<\/h1>\n<p>La presente Dichiarazione di Accessibilit\u00e0 \u00e8 redatta ai sensi della Legge 9 gennaio 2004, n. 4,<br \/>\nche disciplina l\u2019accesso dei soggetti con disabilit\u00e0 agli strumenti informatici, imponendo il<br \/>\nprincipio di accessibilit\u00e0 per i siti web della Pubblica Amministrazione, dei concessionari di<br \/>\nservizi pubblici e dei soggetti privati che erogano servizi al pubblico o di pubblica utilit\u00e0 tramite<br \/>\nmezzi digitali.<\/p>\n<p>Tali obblighi sono ulteriormente specificati e resi applicabili al settore privato dal D.lgs.<br \/>\n27 maggio 2022, n. 82 e dal D.lgs. 10 agosto 2023, n. 106, in recepimento della Direttiva<br \/>\n(UE) 2019\/882 (\u201cEuropean Accessibility Act\u201d).<\/p>\n<h2>Impegno per l&#8217;accessibilit\u00e0 di Scandipadova S.p.A.<\/h2>\n<p>Presso Scandipadova S.p.A., ci impegniamo a rendere la nostra presenza digitale il pi\u00f9<br \/>\naccessibile e inclusiva possibile per tutti gli utenti, comprese le persone con disabilit\u00e0.<\/p>\n<p>Il nostro obiettivo \u00e8 migliorare l&#8217;usabilit\u00e0 di<br \/>\n<a href=\"https:\/\/www.scandipadova.it\/en\/\" target=\"_blank\" rel=\"noopener noreferrer\"><br \/>\nwww.scandipadova.it<br \/>\n<\/a><br \/>\ne supportare un&#8217;esperienza pi\u00f9 accessibile per tutti, indipendentemente dalle capacit\u00e0 o<br \/>\ndalle tecnologie utilizzate.<\/p>\n<h2>Il nostro approccio all&#8217;accessibilit\u00e0<\/h2>\n<p>Cerchiamo di allinearci alle Linee guida per l&#8217;accessibilit\u00e0 dei contenuti web (WCAG),<br \/>\nche definiscono standard riconosciuti a livello internazionale per l&#8217;accessibilit\u00e0 digitale.<\/p>\n<p>Sebbene non sia sempre possibile garantire la piena conformit\u00e0, ci impegniamo ad apportare<br \/>\nmiglioramenti quando possibile e a rivedere regolarmente gli aspetti legati all&#8217;accessibilit\u00e0 del<br \/>\nnostro sito.<\/p>\n<p>L&#8217;accessibilit\u00e0 \u00e8 un processo continuo e ci impegniamo a migliorare l&#8217;esperienza nel tempo,<br \/>\nman mano che evolvono tecnologie, standard ed esigenze degli utenti.<\/p>\n<h2>Funzionalit\u00e0 di accessibilit\u00e0<\/h2>\n<p>Per supportare l&#8217;accessibilit\u00e0,<br \/>\n<a href=\"https:\/\/www.scandipadova.it\/en\/\" target=\"_blank\" rel=\"noopener noreferrer\"><br \/>\nwww.scandipadova.it<br \/>\n<\/a><br \/>\npu\u00f2 utilizzare strumenti come la barra di accessibilit\u00e0 OneTap.<\/p>\n<p>Questa interfaccia offre una serie di funzionalit\u00e0 utili, tra cui:<\/p>\n<ul>\n<li>Dimensioni del testo e impostazioni di contrasto regolabili<\/li>\n<li>Evidenziazione di collegamenti e testi per una migliore visibilit\u00e0<\/li>\n<li>Navigazione completa da tastiera dell&#8217;interfaccia<\/li>\n<li>Avvio rapido tramite scorciatoia da tastiera: Alt + . (Windows) o \u2318 + . (Mac)<\/li>\n<\/ul>\n<p>Si prega di notare quanto segue:<\/p>\n<ul>\n<li>La disponibilit\u00e0 e l&#8217;efficacia di queste funzionalit\u00e0 dipendono dalla configurazione del sito<br \/>\ne dalla sua manutenzione continua.<\/li>\n<li>Nonostante i nostri sforzi per garantire l\u2019accessibilit\u00e0, non possiamo assicurare che tutte<br \/>\nle parti del sito siano sempre completamente accessibili.<\/li>\n<li>Alcuni contenuti potrebbero essere forniti da terze parti o influenzati da limitazioni tecniche<br \/>\nal di fuori del nostro controllo.<\/li>\n<\/ul>\n<h2>Contenuti non accessibili<\/h2>\n<h3>Report di accessibilit\u00e0 \u2013 Analisi WCAG 2.1<\/h3>\n<p><strong>Sito analizzato:<\/strong><br \/>\n<a href=\"https:\/\/www.scandipadova.it\/en\/\" target=\"_blank\" rel=\"noopener noreferrer\"><br \/>\nwww.scandipadova.it<br \/>\n<\/a><\/p>\n<p>Il presente documento descrive in forma discorsiva e strutturata le principali non conformit\u00e0<br \/>\ndi accessibilit\u00e0 emerse a seguito di verifiche effettuate tramite strumenti automatici di analisi<br \/>\n(ad esempio Google Lighthouse).<\/p>\n<p>I rilievi sono mappati ai criteri delle <strong>Web Content Accessibility Guidelines (WCAG) 2.1<\/strong>,<br \/>\nlivelli A e AA, in conformit\u00e0 agli standard europei.<\/p>\n<h3>Criterio 1 \u2013 Percepibile<\/h3>\n<p>Questo principio richiede che le informazioni e i componenti dell\u2019interfaccia utente siano<br \/>\npresentati in modo tale da poter essere percepiti da tutti gli utenti.<\/p>\n<ul>\n<li>Frame e iframe privi di titolo descrittivo (criterio WCAG 2.4.1 \/ 4.1.2 \u2013 Livello A)<\/li>\n<li>Contrasto cromatico insufficiente tra testo e sfondo in alcune sezioni del sito (criterio WCAG 1.4.3 \u2013 Livello AA)<\/li>\n<li>Struttura gerarchica dei titoli non sequenziale con salti di livello tra intestazioni (criterio WCAG 1.3.1 \u2013 Livello A)<\/li>\n<\/ul>\n<h3>Criterio 2 \u2013 Utilizzabile<\/h3>\n<p>Questo principio riguarda la possibilit\u00e0 per l\u2019utente di interagire efficacemente con<br \/>\nl\u2019interfaccia e i suoi controlli anche tramite tastiera o tecnologie assistive.<\/p>\n<ul>\n<li>Collegamenti ipertestuali privi di un nome discernibile che non consentono di comprendere<br \/>\nchiaramente la destinazione o la funzione del link (criterio WCAG 2.4.4 \u2013 Livello A)<\/li>\n<\/ul>\n<h3>Criterio 4 \u2013 Robusto<\/h3>\n<p>Questo principio richiede che i contenuti siano sufficientemente robusti da poter essere<br \/>\ninterpretati correttamente dalle tecnologie assistive.<\/p>\n<ul>\n<li>Ruoli ARIA non correttamente annidati (criterio WCAG 4.1.2 \u2013 Livello A)<\/li>\n<li>Elementi marcati come nascosti alle tecnologie assistive che contengono elementi<br \/>\nfocalizzabili (criterio WCAG 4.1.2 \u2013 Livello A)<\/li>\n<\/ul>\n<h2>Feedback e contatti<\/h2>\n<p>Scandipadova S.p.A. mette a disposizione una casella e-mail da utilizzare per notificare<br \/>\ni casi di mancata conformit\u00e0:<\/p>\n<p><strong>Email:<\/strong><br \/>\n<a href=\"mailto:privacy@scandipadova.it\">privacy@scandipadova.it<\/a><\/p>\n<p><strong>Referente accessibilit\u00e0:<\/strong><br \/>\nClaudia Rizzi \u2013 Marketing &amp; Comunicazione<\/p>\n<p><strong>E-mail di contatto:<\/strong><br \/>\n<a href=\"mailto:info@scandipadova.it\">info@scandipadova.it<\/a><\/p>\n<h2>Modalit\u00e0 di invio delle segnalazioni all\u2019AgID<\/h2>\n<p>In caso di risposta insoddisfacente o di mancata risposta entro trenta giorni dalla<br \/>\nsegnalazione o dalla richiesta, l\u2019interessato pu\u00f2 inoltrare una segnalazione utilizzando<br \/>\nla modalit\u00e0 indicata nel sito istituzionale di AgID.<\/p>\n<p><a href=\"https:\/\/www.agid.gov.it\" target=\"_blank\" rel=\"noopener noreferrer\"><br \/>\nhttps:\/\/www.agid.gov.it<br \/>\n<\/a><\/p>\n<p><strong>Ultimo aggiornamento:<\/strong> 16\/02\/2026[\/vc_column_text][\/vc_column][\/vc_row]<\/p>\n<\/div>","protected":false},"excerpt":{"rendered":"<p>[vc_row][vc_column][vc_column_text css=&#8221;&#8221;] Dichiarazione di Accessibilit\u00e0 La presente Dichiarazione di Accessibilit\u00e0 \u00e8 redatta ai sensi della Legge 9 gennaio 2004, n&#8230;.<\/p>\n","protected":false},"author":4,"featured_media":0,"parent":0,"menu_order":0,"comment_status":"closed","ping_status":"closed","template":"","meta":{"footnotes":""},"class_list":["post-8283","page","type-page","status-publish"],"_links":{"self":[{"href":"https:\/\/www.scandipadova.it\/en\/wp-json\/wp\/v2\/pages\/8283","targetHints":{"allow":["GET"]}}],"collection":[{"href":"https:\/\/www.scandipadova.it\/en\/wp-json\/wp\/v2\/pages"}],"about":[{"href":"https:\/\/www.scandipadova.it\/en\/wp-json\/wp\/v2\/types\/page"}],"author":[{"embeddable":true,"href":"https:\/\/www.scandipadova.it\/en\/wp-json\/wp\/v2\/users\/4"}],"replies":[{"embeddable":true,"href":"https:\/\/www.scandipadova.it\/en\/wp-json\/wp\/v2\/comments?post=8283"}],"version-history":[{"count":1,"href":"https:\/\/www.scandipadova.it\/en\/wp-json\/wp\/v2\/pages\/8283\/revisions"}],"predecessor-version":[{"id":8284,"href":"https:\/\/www.scandipadova.it\/en\/wp-json\/wp\/v2\/pages\/8283\/revisions\/8284"}],"wp:attachment":[{"href":"https:\/\/www.scandipadova.it\/en\/wp-json\/wp\/v2\/media?parent=8283"}],"curies":[{"name":"wp","href":"https:\/\/api.w.org\/{rel}","templated":true}]}}